{"id":7719,"date":"2021-04-10T13:27:09","date_gmt":"2021-04-10T11:27:09","guid":{"rendered":"https:\/\/metashare.com\/?page_id=7719"},"modified":"2025-09-04T15:57:06","modified_gmt":"2025-09-04T13:57:06","slug":"metashare-dokumenthantering-for-office365-microsoft-teams","status":"publish","type":"page","link":"https:\/\/staging.metashare.com\/sv\/","title":{"rendered":"Intelligent dokument\u00adhantering"},"content":{"rendered":"<div class=\"gb-container gb-container-73e7ab4d gb-container-contained\">\n<div class=\"gb-container gb-container-b02d1546 gb-container-contained-inner\">\n<div class=\"gb-grid-wrapper gb-grid-wrapper-172e7ab1 gb-grid-wrapper-small\">\n<div class=\"gb-grid-column gb-grid-column-53d1355d gb-grid-column-grid-item-small\"><div class=\"gb-container gb-container-53d1355d gb-container-grid-item-small\">\n\n<h3 class=\"gb-headline gb-headline-16a20560 gb-headline-text gb-headline-icon-above\">MetaShare p\u00e5 80 sekunder<\/h3>\n\n\n\n<figure class=\"wp-block-embed is-type-video is-provider-youtube wp-block-embed-youtube wp-embed-aspect-16-9 wp-has-aspect-ratio\"><div class=\"wp-block-embed__wrapper\">\n<iframe loading=\"lazy\" hcb-fetch-image-from=\"https:\/\/www.youtube.com\/watch?v=YBu_JV3TCpM\" title=\"MetaShare introductory video\" width=\"1200\" height=\"675\" src=\"https:\/\/www.youtube.com\/embed\/YBu_JV3TCpM?feature=oembed&#038;enablejsapi=1\" frameborder=\"0\" allow=\"accelerometer; autoplay; clipboard-write; encrypted-media; gyroscope; picture-in-picture; web-share\" referrerpolicy=\"strict-origin-when-cross-origin\" allowfullscreen><\/iframe>\n<\/div><\/figure>\n\n<\/div><\/div>\n\n<div class=\"gb-grid-column gb-grid-column-2e7f5394 gb-grid-column-grid-item-small\"><div class=\"gb-container gb-container-2e7f5394 gb-container-grid-item-small\">\n\n<h3 class=\"gb-headline gb-headline-2f1e3029 gb-headline-icon-above\"><span class=\"gb-icon\"><svg xmlns=\"http:\/\/www.w3.org\/2000\/svg\" viewBox=\"0 0 60 64\"><path class=\"cls-1\" d=\"M34,64H32V51h7a5,5,0,0,0,5-5V36h6v-.78l-6-13V22A20,20,0,0,0,10.93,6.86L9.62,5.35A22,22,0,0,1,46,21.78l6,13V38H46v8a7,7,0,0,1-7,7H34Z\"><\/path><\/svg><\/span><span class=\"gb-headline-text\">100% kontroll<\/span><\/h3>\n\n\n\n<p class=\"has-text-align-center\">Ser till att alla dokument:<\/p>\n\n\n\n<p class=\"has-text-align-center\">\u00c4r tillf\u00f6rlitliga och korrekta<\/p>\n\n\n\n<p class=\"has-text-align-center\">\u00c4r tillg\u00e4ngliga och s\u00f6kbara<\/p>\n\n\n\n<p class=\"has-text-align-center\">Hanteras s\u00e4kert och effektivt<\/p>\n\n<\/div><\/div>\n\n<div class=\"gb-grid-column gb-grid-column-88e9beff gb-grid-column-grid-item-small\"><div class=\"gb-container gb-container-88e9beff gb-container-grid-item-small\">\n\n<h3 class=\"gb-headline gb-headline-7d201871 gb-headline-icon-above\"><span class=\"gb-icon\"><svg xmlns=\"http:\/\/www.w3.org\/2000\/svg\" viewBox=\"0 0 22.578 20.462\"><path d=\"M19.756 14.111a.352.352 0 0 1-.29-.15l-2.469-3.528a.352.352 0 0 1 .29-.555h.696a6.711 6.711 0 0 0-6.694-6.35 6.676 6.676 0 0 0-5.988 3.686l-.63-.317a7.377 7.377 0 0 1 6.618-4.075c4.085 0 7.408 3.324 7.408 7.409a.352.352 0 0 1-.352.352h-.381l1.792 2.56 1.791-2.56h-.38a.352.352 0 0 1-.353-.352c0-5.253-4.273-9.525-9.525-9.525a9.538 9.538 0 0 0-7.818 4.082l-.578-.404A10.246 10.246 0 0 1 11.289 0c5.523 0 10.038 4.4 10.225 9.878h.711a.352.352 0 0 1 .289.555l-2.47 3.527a.352.352 0 0 1-.288.151M11.289 20.461c-5.523 0-10.038-4.4-10.225-9.878H.353a.352.352 0 0 1-.289-.555l2.47-3.527c.132-.19.445-.19.577 0l2.47 3.527a.352.352 0 0 1-.29.555h-.696a6.711 6.711 0 0 0 6.694 6.35 6.676 6.676 0 0 0 5.988-3.686l.63.317a7.377 7.377 0 0 1-6.618 4.075c-4.085 0-7.408-3.324-7.408-7.408 0-.196.157-.353.352-.353h.381l-1.792-2.56-1.791 2.56h.38c.195 0 .353.157.353.353 0 5.252 4.273 9.525 9.525 9.525a9.54 9.54 0 0 0 7.818-4.083l.579.404a10.246 10.246 0 0 1-8.397 4.384\"><\/path><path d=\"M11.289 7.056a3.178 3.178 0 0 0-3.175 3.175 3.178 3.178 0 0 0 3.175 3.175 3.178 3.178 0 0 0 3.175-3.175 3.178 3.178 0 0 0-3.175-3.175zm0 7.055a3.885 3.885 0 0 1-3.88-3.88c0-2.14 1.74-3.881 3.88-3.881 2.14 0 3.88 1.741 3.88 3.88 0 2.14-1.74 3.881-3.88 3.881\"><\/path><path d=\"M11.642 10.583h-.706v-.705h.706v.705M10.23 10.583h-.705v-.705h.706v.705M13.053 10.583h-.706v-.705h.706v.705\"><\/path><\/svg><\/span><span class=\"gb-headline-text\">Automatiserat<\/span><\/h3>\n\n\n\n<p class=\"has-text-align-center\">Hittar dokument oavsett var de sparats<\/p>\n\n\n\n<p class=\"has-text-align-center\">Tar bort eller arkiverar gamla dokument<\/p>\n\n\n\n<p class=\"has-text-align-center\">P\u00e5minner om n\u00e4r det \u00e4r dags att agera<\/p>\n\n<\/div><\/div>\n\n<div class=\"gb-grid-column gb-grid-column-5f261b30 gb-grid-column-grid-item-small\"><div class=\"gb-container gb-container-5f261b30 gb-container-grid-item-small\">\n\n<h3 class=\"gb-headline gb-headline-a4b0c4c5 gb-headline-icon-above\"><span class=\"gb-icon\"><svg xmlns=\"http:\/\/www.w3.org\/2000\/svg\" viewBox=\"0 0 60 64\"><path class=\"cls-1\" d=\"M38,64H36V56h2V40a4,4,0,0,1,4-4h8.44L58,23.72V16h2v8.28L51.56,38H42a2,2,0,0,0-2,2V58H38Z\"><\/path><path class=\"cls-1\" d=\"M24,64H22V58H20V40a2,2,0,0,0-2-2H8.44L0,24.28V16H2v7.72L9.56,36H18a4,4,0,0,1,4,4V56h2Z\"><\/path><path class=\"cls-1\" d=\"M30,15a3,3,0,1,1,3-3A3,3,0,0,1,30,15Zm0-4a1,1,0,1,0,1,1A1,1,0,0,0,30,11Z\"><\/path><path class=\"cls-1\" d=\"M36,24H34c0-2,1.35-3.54,2.66-4.91C38.3,17.37,40,15.59,40,12a10,10,0,0,0-20,0c0,3.59,1.7,5.37,3.34,7.09C24.65,20.46,26,22,26,24H24c0-1-.93-2.29-2.1-3.53C20.16,18.65,18,16.39,18,12a12,12,0,0,1,24,0c0,4.39-2.16,6.65-3.9,8.47C36.93,21.71,36,23,36,24Z\"><\/path><path class=\"cls-1\" d=\"M4,20a4,4,0,1,1,4-4A4,4,0,0,1,4,20Zm0-6a2,2,0,1,0,2,2A2,2,0,0,0,4,14Z\"><\/path><path class=\"cls-1\" d=\"M56,20a4,4,0,1,1,4-4A4,4,0,0,1,56,20Zm0-6a2,2,0,1,0,2,2A2,2,0,0,0,56,14Z\"><\/path><\/svg><\/span><span class=\"gb-headline-text\">Boostar Microsoft&nbsp;365<\/span><\/h3>\n\n\n\n<p class=\"has-text-align-center\">Fungerar med Microsoft Teams<\/p>\n\n\n\n<p class=\"has-text-align-center\">Nyttjar funkationalitet i Microsoft&nbsp;365<\/p>\n\n\n\n<p class=\"has-text-align-center\">S\u00f6ml\u00f6st integrerat med Microsofts applikationer<\/p>\n\n<\/div><\/div>\n\n<div class=\"gb-grid-column gb-grid-column-c8ecd22b gb-grid-column-contained-small\"><div class=\"gb-container gb-container-c8ecd22b gb-container-contained-small\">\n<div class=\"gb-container gb-container-0c19be76 gb-container-contained-small-inner\">\n\n<p>Upplev f\u00f6rdelarna med v\u00e5ra systerprodukter <strong><a href=\"https:\/\/staging.metashare.com\/sv\/losningar\/orbit\/\" data-type=\"page\" data-id=\"13170\">MetaShare Orbit<\/a><\/strong> som automatiserar gallring och arkivering av dokument, och <a href=\"https:\/\/staging.metashare.com\/sv\/losningar\/crm-connector\/\" data-type=\"page\" data-id=\"13168\"><strong>MetaShare&nbsp;CRM&nbsp;Connector<\/strong><\/a> som effektiviserar dokumenthanteringen i Dynamics CRM och SharePoint. <\/p>\n\n<\/div>\n<\/div><\/div>\n\n<div class=\"gb-grid-column gb-grid-column-34387e28\"><div class=\"gb-container gb-container-34387e28\">\n<div class=\"gb-container gb-container-3bec4ec0\">\n<div class=\"gb-grid-wrapper gb-grid-wrapper-58ee28ee gb-grid-wrapper-small\">\n<div class=\"gb-grid-column gb-grid-column-3cfde691\"><div class=\"gb-container gb-container-3cfde691\">\n<div class=\"wp-block-image\">\n<figure class=\"aligncenter size-large is-resized\"><a href=\"https:\/\/staging.metashare.com\/sv\/kundcase\/pts\/\"><img loading=\"lazy\" decoding=\"async\" width=\"559\" height=\"291\" src=\"https:\/\/staging.metashare.com\/wp-content\/uploads\/\/pts.svg\" alt=\"Post- och telestyrelsen\" class=\"wp-image-12182\" style=\"width:auto;height:80px\"\/><\/a><\/figure>\n<\/div>\n<\/div><\/div>\n\n<div class=\"gb-grid-column gb-grid-column-c3995845\"><div class=\"gb-container gb-container-c3995845\">\n<div class=\"wp-block-image\">\n<figure class=\"aligncenter size-large is-resized\"><a href=\"https:\/\/staging.metashare.com\/sv\/kundcase\/rabbalshede-kraft\/\"><img loading=\"lazy\" decoding=\"async\" width=\"337\" height=\"140\" src=\"https:\/\/staging.metashare.com\/wp-content\/uploads\/rabbalshede_kraft_stand.svg\" alt=\"Rabbalshede Kraft\" class=\"wp-image-97042\" style=\"width:auto;height:80px\"\/><\/a><\/figure>\n<\/div>\n<\/div><\/div>\n\n<div class=\"gb-grid-column gb-grid-column-c7b0a97b\"><div class=\"gb-container gb-container-c7b0a97b\">\n<div class=\"wp-block-image\">\n<figure class=\"aligncenter size-full is-resized\"><a href=\"https:\/\/staging.metashare.com\/sv\/kundcase\/hsb\/\"><img decoding=\"async\" src=\"https:\/\/staging.metashare.com\/wp-content\/uploads\/hsb_sv_280px.png\" alt=\"HSB - D\u00e4r m\u00f6jligheterna bor\" class=\"wp-image-15070\" style=\"width:auto;height:80px\"\/><\/a><\/figure>\n<\/div>\n<\/div><\/div>\n\n<div class=\"gb-grid-column gb-grid-column-1e1a374e\"><div class=\"gb-container gb-container-1e1a374e\">\n<div class=\"wp-block-image\">\n<figure class=\"aligncenter size-large is-resized\"><a href=\"https:\/\/staging.metashare.com\/sv\/kundcase\/afa-fastigheter\/\"><img loading=\"lazy\" decoding=\"async\" width=\"377\" height=\"364\" src=\"https:\/\/staging.metashare.com\/wp-content\/uploads\/\/afa-fastigheter.svg\" alt=\"afa fastigheter\" class=\"wp-image-12254\" style=\"width:auto;height:80px\"\/><\/a><\/figure>\n<\/div>\n<\/div><\/div>\n\n<div class=\"gb-grid-column gb-grid-column-a8bfae2d\"><div class=\"gb-container gb-container-a8bfae2d\">\n<div class=\"wp-block-image\">\n<figure class=\"aligncenter size-large is-resized\"><a href=\"https:\/\/staging.metashare.com\/sv\/kundcase\/finansforbundet\/\"><img loading=\"lazy\" decoding=\"async\" width=\"1491\" height=\"382\" src=\"https:\/\/staging.metashare.com\/wp-content\/uploads\/\/finansforbundet.svg\" alt=\"Finansf\u00f6rbundet\" class=\"wp-image-12185\" style=\"width:auto;height:48px\"\/><\/a><\/figure>\n<\/div>\n<\/div><\/div>\n\n<div class=\"gb-grid-column gb-grid-column-2b939e90\"><div class=\"gb-container gb-container-2b939e90\">\n\n<figure class=\"wp-block-image size-large is-resized\"><a href=\"https:\/\/staging.metashare.com\/sv\/kundcase\/castellum\/\"><img loading=\"lazy\" decoding=\"async\" width=\"175\" height=\"45\" src=\"https:\/\/staging.metashare.com\/wp-content\/uploads\/castellum.svg\" alt=\"Castellum\" class=\"wp-image-97161\" style=\"width:auto;height:48px\"\/><\/a><\/figure>\n\n<\/div><\/div>\n\n<div class=\"gb-grid-column gb-grid-column-cce6132b\"><div class=\"gb-container gb-container-cce6132b\">\n\n<p><a href=\"https:\/\/staging.metashare.com\/sv\/kundcase\/\"><strong>Fler kundcase<\/strong><\/a><\/p>\n\n<\/div><\/div>\n<\/div>\n<\/div>\n\n<div class=\"gb-container gb-container-cf047552\">\n<div class=\"gb-grid-wrapper gb-grid-wrapper-ea0f71bd gb-grid-wrapper-small\">\n<div class=\"gb-grid-column gb-grid-column-17ed4fb8\"><div class=\"gb-container gb-container-17ed4fb8\">\n<div class=\"wp-block-image\">\n<figure class=\"aligncenter size-large is-resized\"><a href=\"https:\/\/staging.metashare.com\/sv\/kundcase\/pts\/\"><img loading=\"lazy\" decoding=\"async\" width=\"559\" height=\"291\" src=\"https:\/\/staging.metashare.com\/wp-content\/uploads\/\/pts.svg\" alt=\"Post- och telestyrelsen\" class=\"wp-image-12182\" style=\"width:140px\"\/><\/a><\/figure>\n<\/div>\n<\/div><\/div>\n\n<div class=\"gb-grid-column gb-grid-column-028f52f1\"><div class=\"gb-container gb-container-028f52f1\">\n<div class=\"wp-block-image\">\n<figure class=\"aligncenter size-large is-resized\"><a href=\"https:\/\/staging.metashare.com\/sv\/kundcase\/rabbalshede-kraft\/\"><img loading=\"lazy\" decoding=\"async\" width=\"337\" height=\"140\" src=\"https:\/\/staging.metashare.com\/wp-content\/uploads\/rabbalshede_kraft_stand.svg\" alt=\"Rabbalshede Kraft\" class=\"wp-image-97042\" style=\"width:140px\"\/><\/a><\/figure>\n<\/div>\n<\/div><\/div>\n\n<div class=\"gb-grid-column gb-grid-column-afcd47dc\"><div class=\"gb-container gb-container-afcd47dc\">\n<div class=\"wp-block-image\">\n<figure class=\"aligncenter size-full is-resized\"><a href=\"https:\/\/staging.metashare.com\/sv\/kundcase\/hsb\/\"><img decoding=\"async\" src=\"https:\/\/staging.metashare.com\/wp-content\/uploads\/hsb_sv_280px.png\" alt=\"HSB - D\u00e4r m\u00f6jligheterna bor\" class=\"wp-image-15070\" style=\"width:140px\"\/><\/a><\/figure>\n<\/div>\n<\/div><\/div>\n\n<div class=\"gb-grid-column gb-grid-column-26d855a2\"><div class=\"gb-container gb-container-26d855a2\">\n<div class=\"wp-block-image\">\n<figure class=\"aligncenter size-large is-resized\"><a href=\"https:\/\/staging.metashare.com\/sv\/kundcase\/afa-fastigheter\/\"><img loading=\"lazy\" decoding=\"async\" width=\"377\" height=\"364\" src=\"https:\/\/staging.metashare.com\/wp-content\/uploads\/\/afa-fastigheter.svg\" alt=\"afa fastigheter\" class=\"wp-image-12254\" style=\"width:140px\"\/><\/a><\/figure>\n<\/div>\n<\/div><\/div>\n\n<div class=\"gb-grid-column gb-grid-column-a5198450\"><div class=\"gb-container gb-container-a5198450\">\n<div class=\"wp-block-image\">\n<figure class=\"aligncenter size-large is-resized\"><a href=\"https:\/\/staging.metashare.com\/sv\/kundcase\/finansforbundet\/\"><img loading=\"lazy\" decoding=\"async\" width=\"1491\" height=\"382\" src=\"https:\/\/staging.metashare.com\/wp-content\/uploads\/\/finansforbundet.svg\" alt=\"Finansf\u00f6rbundet\" class=\"wp-image-12185\" style=\"width:140px\"\/><\/a><\/figure>\n<\/div>\n<\/div><\/div>\n\n<div class=\"gb-grid-column gb-grid-column-88659693\"><div class=\"gb-container gb-container-88659693\">\n\n<figure class=\"wp-block-image size-large is-resized\"><a href=\"https:\/\/staging.metashare.com\/sv\/kundcase\/castellum\/\"><img loading=\"lazy\" decoding=\"async\" width=\"175\" height=\"45\" src=\"https:\/\/staging.metashare.com\/wp-content\/uploads\/castellum.svg\" alt=\"Castellum\" class=\"wp-image-97161\" style=\"width:140px\"\/><\/a><\/figure>\n\n<\/div><\/div>\n\n<div class=\"gb-grid-column gb-grid-column-e9e41482\"><div class=\"gb-container gb-container-e9e41482\">\n\n<p><a href=\"https:\/\/staging.metashare.com\/sv\/kundcase\/\"><strong>Fler kundcase<\/strong><\/a><\/p>\n\n<\/div><\/div>\n<\/div>\n<\/div>\n<\/div><\/div>\n<\/div>\n<\/div>\n<\/div>\n\n<div class=\"gb-container gb-container-36ee8d5b gb-container-contained\">\n<div class=\"gb-container gb-container-c758724a gb-container-contained-inner\">\n<div class=\"gb-grid-wrapper gb-grid-wrapper-795941dd\">\n<div class=\"gb-grid-column gb-grid-column-a9a41ab4\"><div class=\"gb-container gb-container-a9a41ab4\"><div class=\"gb-inside-container\"><\/div><\/div><\/div>\n\n<div class=\"gb-grid-column gb-grid-column-d6c02466\"><div class=\"gb-container gb-container-d6c02466\"><div class=\"gb-inside-container\">\n\n<h2 class=\"gb-headline gb-headline-c48789d9 gb-headline-text\">S\u00e5 kommer du ig\u00e5ng<\/h2>\n\n\n\n<p class=\"gb-headline gb-headline-5b0563b1 gb-headline-text\">MetaShare \u00e4r en till\u00e4ggstj\u00e4nst f\u00f6r Microsoft&nbsp;365 som \u00e4r enkel att inf\u00f6ra. Aktivera appen och kom ig\u00e5ng!<\/p>\n\n\n\n<h3 class=\"gb-headline gb-headline-e7f9f072\"><span class=\"gb-icon\"><svg viewBox=\"0 0 64 56\" xmlns=\"http:\/\/www.w3.org\/2000\/svg\"><path d=\"M32,16a6,6,0,1,1,6-6A6,6,0,0,1,32,16ZM32,6a4,4,0,1,0,4,4A4,4,0,0,0,32,6Z\" class=\"cls-1\"><\/path><path d=\"M48,20H16a3,3,0,0,1-3-3V2h2V17a1,1,0,0,0,1,1H48a1,1,0,0,0,1-1V2h2V17A3,3,0,0,1,48,20Z\" class=\"cls-1\"><\/path><path d=\"M41,56H39V44h2V29a4.68,4.68,0,0,1,2.55-3.89l.13-.06,8.92-3A2.66,2.66,0,0,0,54,20V2h2V20a4.68,4.68,0,0,1-2.55,3.89l-.13.06-8.92,3A2.66,2.66,0,0,0,43,29V46H41Z\" class=\"cls-1\"><\/path><path d=\"M25,56H23V46H21V29a2.65,2.65,0,0,0-1.4-2.08l-9-3A4.68,4.68,0,0,1,8,20V2h2V20a2.65,2.65,0,0,0,1.4,2.08l9,3A4.68,4.68,0,0,1,23,29V44h2Z\" class=\"cls-1\"><\/path><path d=\"M5,10H1A1,1,0,0,1,0,9V1A1,1,0,0,1,1,0H5A1,1,0,0,1,6,1V9A1,1,0,0,1,5,10ZM2,8H4V2H2Z\" class=\"cls-1\"><\/path><path d=\"M22,10H18a1,1,0,0,1-1-1V1a1,1,0,0,1,1-1h4a1,1,0,0,1,1,1V9A1,1,0,0,1,22,10ZM19,8h2V2H19Z\" class=\"cls-1\"><\/path><path d=\"M46,10H42a1,1,0,0,1-1-1V1a1,1,0,0,1,1-1h4a1,1,0,0,1,1,1V9A1,1,0,0,1,46,10ZM43,8h2V2H43Z\" class=\"cls-1\"><\/path><path d=\"M63,10H59a1,1,0,0,1-1-1V1a1,1,0,0,1,1-1h4a1,1,0,0,1,1,1V9A1,1,0,0,1,63,10ZM60,8h2V2H60Z\" class=\"cls-1\"><\/path><\/svg><\/span><span class=\"gb-headline-text\">G\u00f6r det sj\u00e4lv<\/span><\/h3>\n\n\n\n<p class=\"gb-headline gb-headline-a3ab02cc gb-headline-text gb-headline-tighter\">Det \u00e4r enkelt att inf\u00f6ra MetaShare. I praktiken inneb\u00e4r det att dokument taggas med metadata ist\u00e4llet f\u00f6r att sparas i olika mappar. Det kan l\u00e5ta sv\u00e5rt men g\u00e5r snabbt och smidigt.<\/p>\n\n\n\n<p class=\"gb-headline gb-headline-b7750b29 gb-headline-text\"><a href=\"https:\/\/staging.metashare.com\/sv\/kom-igang\/\" data-type=\"URL\"><strong>L\u00e4s mer<\/strong><\/a><\/p>\n\n\n\n<h3 class=\"gb-headline gb-headline-2c13b0a0\"><span class=\"gb-icon\"><svg viewBox=\"0 0 64 64\" xmlns=\"http:\/\/www.w3.org\/2000\/svg\"><path d=\"M9,10a5,5,0,1,1,5-5A5,5,0,0,1,9,10ZM9,2a3,3,0,1,0,3,3A3,3,0,0,0,9,2Z\" class=\"cls-1\"><\/path><path d=\"M6.41,47H2V16a4,4,0,0,1,4-4h4a6,6,0,0,1,6,6v6H27v6H10.32L6.07,19.37l1.86-.74L11.68,28H25V26H14V18a4,4,0,0,0-4-4H6a2,2,0,0,0-2,2V45H5.59L14,36.59V32h2v5.41Z\" class=\"cls-1\"><\/path><path d=\"M55,10a5,5,0,1,1,5-5A5,5,0,0,1,55,10Zm0-8a3,3,0,1,0,3,3A3,3,0,0,0,55,2Z\" class=\"cls-1\"><\/path><path d=\"M62,48H58.59L48,37.41V32h2v4.59L59.41,46H60V16a2,2,0,0,0-2-2H54a4,4,0,0,0-4,4v8H39v2H52.32l3.75-9.37,1.86.74L53.68,30H37V24H48V18a6,6,0,0,1,6-6h4a4,4,0,0,1,4,4Z\" class=\"cls-1\"><\/path><path d=\"M21,63H19V40H29a5.36,5.36,0,0,0-.52-.68A5.11,5.11,0,0,1,27,36a5,5,0,0,1,10,0,5.11,5.11,0,0,1-1.48,3.32A5.18,5.18,0,0,0,35,40h8V32h2V42H33V40a3.22,3.22,0,0,1,1-2,3.32,3.32,0,0,0,1-2,3,3,0,0,0-6,0,3.32,3.32,0,0,0,1,2,3.22,3.22,0,0,1,1,2v2H21Z\" class=\"cls-1\"><\/path><path d=\"M64,64H33V62a3.22,3.22,0,0,1,1-2,3.32,3.32,0,0,0,1-2,3,3,0,0,0-6,0,3.32,3.32,0,0,0,1,2,3.22,3.22,0,0,1,1,2v2H0V62H29a5.36,5.36,0,0,0-.52-.68A5.11,5.11,0,0,1,27,58a5,5,0,0,1,10,0,5.11,5.11,0,0,1-1.48,3.32A5.18,5.18,0,0,0,35,62H64Z\" class=\"cls-1\"><\/path><path d=\"M45,25H43V17H33V15a3.22,3.22,0,0,1,1-1.95A3.32,3.32,0,0,0,35,11a3,3,0,0,0-6,0,3.32,3.32,0,0,0,1,2.05A3.22,3.22,0,0,1,31,15v2H21v5H19V15H29a5.36,5.36,0,0,0-.52-.68A5.11,5.11,0,0,1,27,11a5,5,0,0,1,10,0,5.11,5.11,0,0,1-1.48,3.32A5.18,5.18,0,0,0,35,15H45Z\" class=\"cls-1\"><\/path><\/svg><\/span><span class=\"gb-headline-text\">Vi hj\u00e4lper er<\/span><\/h3>\n\n\n\n<p class=\"gb-headline gb-headline-f80f91f5 gb-headline-text gb-headline-tighter\">Om ni \u00f6nskar inf\u00f6ra MetaShare enligt en ny struktur hj\u00e4lper vi er g\u00e4rna att skapa, och konfigurera MetaShare utifr\u00e5n denna.<\/p>\n\n\n\n<p class=\"gb-headline gb-headline-6567f876 gb-headline-text\"><a href=\"https:\/\/staging.metashare.com\/sv\/kontakta-oss\/\" data-type=\"URL\" data-id=\"https:\/\/staging.metashare.com\/sv\/kontakta-oss\/\"><strong>Kontakta oss<\/strong><\/a><\/p>\n\n<\/div><\/div><\/div>\n<\/div>\n<\/div>\n<\/div>\n\n<div class=\"gb-container gb-container-664ec1ca gb-container-contained\">\n<div class=\"gb-container gb-container-28d0e628 gb-container-contained-inner\">\n<div class=\"gb-grid-wrapper gb-grid-wrapper-e0aefead\">\n<div class=\"gb-grid-column gb-grid-column-36f20580\"><div class=\"gb-container gb-container-36f20580\"><div class=\"gb-inside-container\">\n\n<h2 class=\"gb-headline gb-headline-d84445dc gb-headline-text\">Priser<\/h2>\n\n\n\n<h3 class=\"gb-headline gb-headline-59ee5bc2 gb-headline-text gb-headline-no-bottom-margin\"><strong>Prova gratis<\/strong><\/h3>\n\n\n\n<p>30 dagar<\/p>\n\n\n\n<h3 class=\"gb-headline gb-headline-6d151c43 gb-headline-text gb-headline-no-bottom-margin\"><strong>Upp till 100 anv\u00e4ndare<\/strong><\/h3>\n\n\n\n<p>98 kr\/anv\u00e4ndare\/m\u00e5nad<\/p>\n\n\n\n<h3 class=\"gb-headline gb-headline-8f139e49 gb-headline-text gb-headline-no-bottom-margin\"><strong>Fler \u00e4n 100 anv\u00e4ndare<\/strong><\/h3>\n\n\n\n<p>Best\u00e4ll offert<\/p>\n\n\n\n<div class=\"wp-block-buttons is-horizontal is-content-justification-center is-layout-flex wp-container-core-buttons-is-layout-499968f5 wp-block-buttons-is-layout-flex\">\n<div class=\"wp-block-button\"><a class=\"wp-block-button__link wp-element-button\" href=\"https:\/\/staging.metashare.com\/sv\/priser\/\">L\u00e4s mer<\/a><\/div>\n<\/div>\n\n<\/div><\/div><\/div>\n\n<div class=\"gb-grid-column gb-grid-column-92e76a43\"><div class=\"gb-container gb-container-92e76a43\"><div class=\"gb-inside-container\"><\/div><\/div><\/div>\n<\/div>\n<\/div>\n<\/div>\n\n\n<h2 class=\"wp-block-heading screen-reader-text\">Kundcase<\/h2>\n\n\n<div class=\"gb-container gb-container-6283920e\"><div class=\"gb-inside-container\">\n\n<blockquote class=\"wp-block-quote is-layout-flow wp-block-quote-is-layout-flow\"><p>MetaShare g\u00f6r att medarbetarna slipper g\u00e5 igenom tusentals mappar och att gallring och arkivering sker utan st\u00f6rre handp\u00e5l\u00e4ggning. Dessutom g\u00e5r det l\u00e4tt att h\u00e5lla ordning p\u00e5 GDPR-klassade dokument. Allt till en betydligt l\u00e4gre kostnad \u00e4n att utveckla ett eget system.<\/p><cite>Finansf\u00f6rbundet<\/cite><\/blockquote>\n\n<\/div><\/div>\n\n\n<p><\/p>\n","protected":false},"excerpt":{"rendered":"<p>Effektivisera dokumenthanteringen med MetaShare, en add-on l\u00f6sning f\u00f6r Microsoft 365. F\u00e5 full kontroll, h\u00f6gre s\u00e4kerhet och optimera arbetsfl\u00f6den redan idag!<\/p>\n","protected":false},"author":7,"featured_media":12008,"parent":0,"menu_order":0,"comment_status":"closed","ping_status":"closed","template":"","meta":{"_acf_changed":false,"footnotes":""},"element-controls":[],"class_list":{"0":"post-7719","1":"page","2":"type-page","3":"status-publish","4":"has-post-thumbnail","6":"no-featured-image-padding"},"acf":[],"_links":{"self":[{"href":"https:\/\/staging.metashare.com\/sv\/wp-json\/wp\/v2\/pages\/7719","targetHints":{"allow":["GET"]}}],"collection":[{"href":"https:\/\/staging.metashare.com\/sv\/wp-json\/wp\/v2\/pages"}],"about":[{"href":"https:\/\/staging.metashare.com\/sv\/wp-json\/wp\/v2\/types\/page"}],"author":[{"embeddable":true,"href":"https:\/\/staging.metashare.com\/sv\/wp-json\/wp\/v2\/users\/7"}],"replies":[{"embeddable":true,"href":"https:\/\/staging.metashare.com\/sv\/wp-json\/wp\/v2\/comments?post=7719"}],"version-history":[{"count":389,"href":"https:\/\/staging.metashare.com\/sv\/wp-json\/wp\/v2\/pages\/7719\/revisions"}],"predecessor-version":[{"id":99490,"href":"https:\/\/staging.metashare.com\/sv\/wp-json\/wp\/v2\/pages\/7719\/revisions\/99490"}],"wp:featuredmedia":[{"embeddable":true,"href":"https:\/\/staging.metashare.com\/sv\/wp-json\/wp\/v2\/media\/12008"}],"wp:attachment":[{"href":"https:\/\/staging.metashare.com\/sv\/wp-json\/wp\/v2\/media?parent=7719"}],"wp:term":[{"taxonomy":"element-controls","embeddable":true,"href":"https:\/\/staging.metashare.com\/sv\/wp-json\/wp\/v2\/element-controls?post=7719"}],"curies":[{"name":"wp","href":"https:\/\/api.w.org\/{rel}","templated":true}]}}