{"id":6174,"date":"2021-01-18T17:37:11","date_gmt":"2021-01-18T16:37:11","guid":{"rendered":"https:\/\/metashare.com\/om-oss\/"},"modified":"2025-06-02T11:01:31","modified_gmt":"2025-06-02T09:01:31","slug":"om-oss","status":"publish","type":"page","link":"https:\/\/staging.metashare.com\/sv\/om-oss\/","title":{"rendered":"Om oss"},"content":{"rendered":"<div class=\"gb-container gb-container-6ea6a729 gb-container-preamble\"><div class=\"gb-inside-container\">\n\n<p>Ways grundandes 2006 utifr\u00e5n visionen att f\u00f6renkla dokumenthantering f\u00f6r Office 365-anv\u00e4ndare.<\/p>\n\n\n\n<p>Som svenska IT-entrepren\u00f6rer med gedigen kunskap om Microsoft Office 365 har Ways utvecklat SaaS-l\u00f6sningen MetaShare &#8211; en app som hj\u00e4lper O365-anv\u00e4ndaren att hantera dokument p\u00e5 ett helt nytt s\u00e4tt med hj\u00e4lp av metadata.<\/p>\n\n\n\n<p>Ways kunder best\u00e5r av kunskapsintensiva f\u00f6retag som anv\u00e4nder Office 365. Gemensamt f\u00f6r MetaShare-kunderna \u00e4r att de hanterar mycket data och m\u00e5nga projekt med en verksamhet som st\u00e4ller h\u00f6ga krav p\u00e5 dokumentation. Kunderna finns \u00f6ver hela Norden och internationellt. Kontoret ligger p\u00e5 Klarabergsviadukten i Stockholm.<\/p>\n\n\n\n<p>Ways prim\u00e4ra fokus \u00e4r att utbilda svenska och internationella f\u00f6retag i v\u00e4rdet av effektiv dokumenthantering som en stark konkurrensf\u00f6rdel i dagens digitala f\u00f6retagsklimat.<\/p>\n\n\n\n<p>Sugen p\u00e5 att l\u00e4ra dig mer? Anm\u00e4l dig till v\u00e5ra <a href=\"https:\/\/staging.metashare.com\/sv\/metashares-webbinarier\/\" data-type=\"page\" data-id=\"9486\">webbinarier<\/a>.<\/p>\n\n<\/div><\/div>\n\n<div class=\"gb-container gb-container-c150ad8f gb-container-contained\">\n<div class=\"gb-container gb-container-88629568 gb-container-contained-inner\">\n<div class=\"gb-grid-wrapper gb-grid-wrapper-8f3ebb47 gb-grid-wrapper-small\">\n<div class=\"gb-grid-column gb-grid-column-e1853d60\"><div class=\"gb-container gb-container-e1853d60\"><div class=\"gb-inside-container\">\n\n<figure class=\"wp-block-image size-large wp-duotone-000000-ffffff-1\"><img loading=\"lazy\" decoding=\"async\" width=\"1024\" height=\"644\" src=\"https:\/\/staging.metashare.com\/wp-content\/uploads\/metashare-founders-1024x644.jpg\" alt=\"Carl M\u00e5rn Per Rolder\" class=\"wp-image-2486\" srcset=\"https:\/\/staging.metashare.com\/wp-content\/uploads\/metashare-founders-1024x644.jpg 1024w, https:\/\/staging.metashare.com\/wp-content\/uploads\/metashare-founders-300x189.jpg 300w, https:\/\/staging.metashare.com\/wp-content\/uploads\/metashare-founders-768x483.jpg 768w, https:\/\/staging.metashare.com\/wp-content\/uploads\/metashare-founders-1536x966.jpg 1536w, https:\/\/staging.metashare.com\/wp-content\/uploads\/metashare-founders.jpg 1921w\" sizes=\"auto, (max-width: 1024px) 100vw, 1024px\" \/><figcaption class=\"wp-element-caption\">Carl M\u00e5rn (medgrundare), Per Rolder (VD)<\/figcaption><\/figure>\n\n<\/div><\/div><\/div>\n\n<div class=\"gb-grid-column gb-grid-column-ea726b64\"><div class=\"gb-container gb-container-ea726b64\"><div class=\"gb-inside-container\">\n\n<h2 class=\"wp-block-heading\">V\u00e5r story<\/h2>\n\n\n\n<p>Vi p\u00e5 Ways ser att de flesta f\u00f6retag g\u00e5r miste om aff\u00e4rspotentialen i smart dokumenthantering.<\/p>\n\n\n\n<p>D\u00e4rf\u00f6r har vi utvecklat en banbrytande dokumenthanteringsl\u00f6sning, MetaShare. Den ser till att du kan jobba ist\u00e4llet f\u00f6r att leta efter dokument. Att du jobbar i r\u00e4tt version, inte f\u00f6rlorar n\u00e5got dokument och att de som inte anv\u00e4nds gallras bort automatiskt. Dessutom g\u00f6r MetaShare att du aldrig missar att omf\u00f6rhandla ett avtal, eller att k\u00e4nsliga dokument hamnar p\u00e5 villov\u00e4gar. Allt till en l\u00e4gre kostnad \u00e4n en medarbetares dagliga koppar kaffe.<\/p>\n\n\n\n<p>Anledningen till att vi utvecklade MetaShare var att vi s\u00e5g att vi kunde ta dokumenthanteringspotentialen i SharePoint fr\u00e5n standard till turbo. N\u00e5got Microsoft aldrig skulle g\u00f6ra eftersom deras uppgift \u00e4r att tillhandah\u00e5lla standardfunktioner.<\/p>\n\n\n\n<p>Att anv\u00e4nda MetaShare ger en boost till aff\u00e4ren. Och till arbetsgl\u00e4djen. Det \u00e4r smart, tryggt och snyggt och g\u00f6r att medarbetarna kan fokusera p\u00e5 att skapa v\u00e4rde ist\u00e4llet f\u00f6r att hantera dokument.<\/p>\n\n\n\n<p>Hur kan vi hj\u00e4lpa dig?<\/p>\n\n\n\n<div class=\"wp-block-buttons is-layout-flex wp-block-buttons-is-layout-flex\">\n<div class=\"wp-block-button\"><a class=\"wp-block-button__link wp-element-button\" href=\"https:\/\/staging.metashare.com\/sv\/kontakta-oss\/\">Kontakta oss<\/a><\/div>\n<\/div>\n\n<\/div><\/div><\/div>\n<\/div>\n<\/div>\n<\/div>","protected":false},"excerpt":{"rendered":"<p>Uppt\u00e4ck MetaShare och v\u00e5rt engagemang f\u00f6r effektiv dokumenthantering. L\u00e4s mer om oss och hur vi kan hj\u00e4lpa din verksamhet v\u00e4xa idag.<\/p>\n","protected":false},"author":7,"featured_media":11909,"parent":0,"menu_order":0,"comment_status":"closed","ping_status":"closed","template":"","meta":{"_acf_changed":false,"footnotes":""},"element-controls":[79],"class_list":{"0":"post-6174","1":"page","2":"type-page","3":"status-publish","4":"has-post-thumbnail","6":"element-controls-hero","7":"no-featured-image-padding"},"acf":[],"_links":{"self":[{"href":"https:\/\/staging.metashare.com\/sv\/wp-json\/wp\/v2\/pages\/6174","targetHints":{"allow":["GET"]}}],"collection":[{"href":"https:\/\/staging.metashare.com\/sv\/wp-json\/wp\/v2\/pages"}],"about":[{"href":"https:\/\/staging.metashare.com\/sv\/wp-json\/wp\/v2\/types\/page"}],"author":[{"embeddable":true,"href":"https:\/\/staging.metashare.com\/sv\/wp-json\/wp\/v2\/users\/7"}],"replies":[{"embeddable":true,"href":"https:\/\/staging.metashare.com\/sv\/wp-json\/wp\/v2\/comments?post=6174"}],"version-history":[{"count":36,"href":"https:\/\/staging.metashare.com\/sv\/wp-json\/wp\/v2\/pages\/6174\/revisions"}],"predecessor-version":[{"id":99267,"href":"https:\/\/staging.metashare.com\/sv\/wp-json\/wp\/v2\/pages\/6174\/revisions\/99267"}],"wp:featuredmedia":[{"embeddable":true,"href":"https:\/\/staging.metashare.com\/sv\/wp-json\/wp\/v2\/media\/11909"}],"wp:attachment":[{"href":"https:\/\/staging.metashare.com\/sv\/wp-json\/wp\/v2\/media?parent=6174"}],"wp:term":[{"taxonomy":"element-controls","embeddable":true,"href":"https:\/\/staging.metashare.com\/sv\/wp-json\/wp\/v2\/element-controls?post=6174"}],"curies":[{"name":"wp","href":"https:\/\/api.w.org\/{rel}","templated":true}]}}