{"id":6017,"date":"2021-01-18T17:35:27","date_gmt":"2021-01-18T16:35:27","guid":{"rendered":"https:\/\/metashare.com\/funktionsjamforelse\/"},"modified":"2025-06-02T10:36:14","modified_gmt":"2025-06-02T08:36:14","slug":"metashare-vs-sharepoint","status":"publish","type":"page","link":"https:\/\/staging.metashare.com\/sv\/metashare-vs-sharepoint\/","title":{"rendered":"Boostar Microsoft&nbsp;365"},"content":{"rendered":"<div class=\"gb-container gb-container-6bad6c12 gb-container-preamble\"><div class=\"gb-inside-container\">\n\n<p>Det finns m\u00e5nga f\u00f6rdelar med att v\u00e4lja ett dokumenthanteringssystem som bygger p\u00e5 Microsoft 365. MetaShare tillf\u00f6r metadata\u00adcentrerad hantering av dokument, som boostar hela ekosystemet. <\/p>\n\n<\/div><\/div>\n\n<div class=\"gb-container gb-container-0048ee8b gb-container-contained-small\">\n<div class=\"gb-container gb-container-34aff77a gb-container-contained-small-inner\">\n\n<h2 class=\"gb-headline gb-headline-bb781d6d gb-headline-icon-inline\"><span class=\"gb-icon\"><svg xmlns=\"http:\/\/www.w3.org\/2000\/svg\" width=\"87\" height=\"80\" viewBox=\"0 0 23.019 21.167\"><path d=\"M274.667 256h-56a5.339 5.339 0 0 1-5.334-5.333v-37.334a5.339 5.339 0 0 1 5.334-5.333h56a5.339 5.339 0 0 1 5.333 5.333h-2.667a2.67 2.67 0 0 0-2.666-2.666h-56a2.67 2.67 0 0 0-2.667 2.666v37.334a2.67 2.67 0 0 0 2.667 2.666h56a2.67 2.67 0 0 0 2.666-2.666v-24H280v24a5.339 5.339 0 0 1-5.333 5.333\" transform=\"matrix(.26458 0 0 .26458 -56.444 -55.033)\"><\/path><path d=\"m253.341 266.813-1.333-12 2.65-.293 1.334 12-2.65.293M239.992 266.813l-2.65-.293 1.333-12 2.65.293-1.333 12\" transform=\"matrix(.26458 0 0 .26458 -56.444 -55.033)\"><\/path><path d=\"M260 268h-26.667v-2.667H260V268M278.667 248h-64v-2.667h64V248M248 242.667h-2.667V240H248v2.667M253.333 242.667h-2.666V240h2.666v2.667M258.667 242.667H256V240h2.667v2.667M242.667 242.667H240V240h2.667v2.667M237.333 242.667h-2.666V240h2.666v2.667\" transform=\"matrix(.26458 0 0 .26458 -56.444 -55.033)\"><\/path><path d=\"M298.667 273.333h-85.334v-8h17.334V268H216v2.667h80V268h-33.333v-2.667h36v8M291.176 230.381l-18.667-14.666 1.648-2.096 18.667 14.666-1.648 2.096M287.95 261.69l-2.567-.714 6.666-24 2.568.715-6.666 24\" transform=\"matrix(.26458 0 0 .26458 -56.444 -55.033)\"><\/path><path d=\"M294.667 268h-24v-8h6.666v2.667h-4v2.666H292v-2.666h-12V260h14.667v8M248 218.667h24V216h-24zm25.333 2.666h-26.666a1.334 1.334 0 0 1-1.334-1.333v-5.333c0-.736.598-1.334 1.334-1.334h26.666c.736 0 1.334.598 1.334 1.334V220c0 .736-.598 1.333-1.334 1.333M221.333 285.333h-2.666V272h2.666v13.333M226.667 285.333H224V272h2.667v13.333M288 285.333h-2.667V272H288v13.333M293.333 285.333h-2.666V272h2.666v13.333M293.333 230.667a2.67 2.67 0 0 0-2.666 2.666 2.67 2.67 0 0 0 2.666 2.667 2.67 2.67 0 0 0 2.667-2.667 2.67 2.67 0 0 0-2.667-2.666zm0 8a5.339 5.339 0 0 1-5.333-5.334 5.339 5.339 0 0 1 5.333-5.333 5.339 5.339 0 0 1 5.334 5.333 5.339 5.339 0 0 1-5.334 5.334\" transform=\"matrix(.26458 0 0 .26458 -56.444 -55.033)\"><\/path><\/svg><\/span><span class=\"gb-headline-text\">Arbeta direkt i Microsoft&nbsp;Teams<\/span><\/h2>\n\n\n\n<p>M\u00f6jligg\u00f6r en smidig upplevelse f\u00f6r teammedlemmar d\u00e4r de snabbt kan hitta och samarbeta kring relevanta dokument relaterade till projekt eller avdelningar.<\/p>\n\n\n\n<hr class=\"wp-block-separator has-text-color has-primary-color has-css-opacity has-primary-background-color has-background is-style-default\" \/>\n\n\n\n<h2 class=\"gb-headline gb-headline-97af7318 gb-headline-icon-inline\"><span class=\"gb-icon\"><svg xmlns=\"http:\/\/www.w3.org\/2000\/svg\" viewBox=\"0 0 22.578 20.462\"><path d=\"M19.756 14.111a.352.352 0 0 1-.29-.15l-2.469-3.528a.352.352 0 0 1 .29-.555h.696a6.711 6.711 0 0 0-6.694-6.35 6.676 6.676 0 0 0-5.988 3.686l-.63-.317a7.377 7.377 0 0 1 6.618-4.075c4.085 0 7.408 3.324 7.408 7.409a.352.352 0 0 1-.352.352h-.381l1.792 2.56 1.791-2.56h-.38a.352.352 0 0 1-.353-.352c0-5.253-4.273-9.525-9.525-9.525a9.538 9.538 0 0 0-7.818 4.082l-.578-.404A10.246 10.246 0 0 1 11.289 0c5.523 0 10.038 4.4 10.225 9.878h.711a.352.352 0 0 1 .289.555l-2.47 3.527a.352.352 0 0 1-.288.151M11.289 20.461c-5.523 0-10.038-4.4-10.225-9.878H.353a.352.352 0 0 1-.289-.555l2.47-3.527c.132-.19.445-.19.577 0l2.47 3.527a.352.352 0 0 1-.29.555h-.696a6.711 6.711 0 0 0 6.694 6.35 6.676 6.676 0 0 0 5.988-3.686l.63.317a7.377 7.377 0 0 1-6.618 4.075c-4.085 0-7.408-3.324-7.408-7.408 0-.196.157-.353.352-.353h.381l-1.792-2.56-1.791 2.56h.38c.195 0 .353.157.353.353 0 5.252 4.273 9.525 9.525 9.525a9.54 9.54 0 0 0 7.818-4.083l.579.404a10.246 10.246 0 0 1-8.397 4.384\"><\/path><path d=\"M11.289 7.056a3.178 3.178 0 0 0-3.175 3.175 3.178 3.178 0 0 0 3.175 3.175 3.178 3.178 0 0 0 3.175-3.175 3.178 3.178 0 0 0-3.175-3.175zm0 7.055a3.885 3.885 0 0 1-3.88-3.88c0-2.14 1.74-3.881 3.88-3.881 2.14 0 3.88 1.741 3.88 3.88 0 2.14-1.74 3.881-3.88 3.881\"><\/path><path d=\"M11.642 10.583h-.706v-.705h.706v.705M10.23 10.583h-.705v-.705h.706v.705M13.053 10.583h-.706v-.705h.706v.705\"><\/path><\/svg><\/span><span class=\"gb-headline-text\">Bygg egna l\u00f6sningar med Power&nbsp;Automate, Logic&nbsp;Apps, API:er<\/span><\/h2>\n\n\n\n<p>Eftersom dokument och metadata \u00e4r lagrade i Microsoft 365, finns det obegr\u00e4nsade m\u00f6jligheter att skapa skr\u00e4ddarsydda automatiseringar och integrationer. \u00c4ven om vi uppmuntrar fortsatt anv\u00e4ndning av MetaShare, \u00e4r det viktigt att notera att era integrationer med Microsoft 365 inte \u00e4r bundna till ert MetaShare-abonnemang.<\/p>\n\n\n\n<hr class=\"wp-block-separator has-text-color has-primary-color has-css-opacity has-primary-background-color has-background is-style-default\" \/>\n\n\n\n<h2 class=\"gb-headline gb-headline-fa77f6cc gb-headline-icon-inline\"><span class=\"gb-icon\"><svg viewBox=\"0 0 22.75 22.75\" height=\"86\" width=\"86\" xmlns=\"http:\/\/www.w3.org\/2000\/svg\"><path transform=\"translate(-97.63 -62.7)\" d=\"M108.57 73.64h-4.59v-.9l.18-.1c.57-.34.88-.86.88-1.47a1.77 1.77 0 0 0-3.53 0c0 .61.32 1.13.88 1.46l.18.1v.91h-4.94v-9.52c0-.78.63-1.41 1.41-1.41h9.53v.7h-9.53a.7.7 0 0 0-.7.7v8.83h3.27a2.3 2.3 0 0 1-.8-1.77 2.47 2.47 0 0 1 4.94 0 2.3 2.3 0 0 1-.81 1.77h3.63v.7M108.57 85.28h-9.53c-.78 0-1.4-.63-1.4-1.4v-9.53h.7v9.52c0 .4.31.7.7.7h8.82V81.3a2.3 2.3 0 0 1-1.76.8 2.47 2.47 0 0 1 0-4.93c.69 0 1.3.29 1.76.8v-3.62h.7v4.58h-.9l-.1-.17a1.65 1.65 0 0 0-1.46-.88 1.77 1.77 0 0 0 0 3.52c.6 0 1.13-.31 1.46-.88l.1-.17h.9v4.93M118.8 85.28h-9.53v-.7h9.53a.7.7 0 0 0 .7-.7v-8.83h-3.25c.51.43.78 1.04.78 1.77a2.47 2.47 0 0 1-4.93 0c0-.73.27-1.34.77-1.77h-3.6v-.7h4.59v.92l-.2.1c-.57.3-.86.78-.86 1.45a1.77 1.77 0 0 0 3.53 0c0-.67-.3-1.15-.87-1.45l-.19-.1v-.92h4.94v9.52c0 .78-.63 1.41-1.41 1.41M120.2 73.64h-.7v-9.52a.7.7 0 0 0-.7-.7h-8.82v3.27a2.3 2.3 0 0 1 1.76-.8 2.47 2.47 0 0 1 0 4.93 2.3 2.3 0 0 1-1.76-.8v3.62h-.7v-4.58h.9l.1.17c.33.57.85.88 1.46.88a1.77 1.77 0 0 0 0-3.52c-.6 0-1.13.31-1.46.88l-.1.18h-.9V62.7h9.52c.78 0 1.4.63 1.4 1.4v9.53\"><\/path><path transform=\"translate(-97.63 -62.7)\" d=\"M108.57 64.82h-.7v-.7h.7v.7M107.16 64.82h-.7v-.7h.7v.7M105.75 64.82h-.71v-.7h.7v.7M112.8 83.87h-.7v-.7h.7v.7M111.39 83.87h-.7v-.7h.7v.7M109.98 83.87h-.7v-.7h.7v.7M99.75 75.05h-.7v-.7h.7v.7M99.75 76.46h-.7v-.7h.7v.7M99.75 77.88h-.7v-.71h.7v.7M118.8 70.82h-.7v-.7h.7v.7M118.8 72.23h-.7v-.7h.7v.7M118.8 73.64h-.7v-.7h.7v.7\"><\/path><\/svg><\/span><span class=\"gb-headline-text\">Dra f\u00f6rdel av ekosystemet<\/span><\/h2>\n\n\n\n<p>Eftersom dokument och metadata \u00e4r lagrade i Microsoft 365 har ni ocks\u00e5 m\u00f6jlighet att dra nytta av produkter fr\u00e5n andra leverant\u00f6rer inom samma ekosystem. Det inkluderar till exempel backup-l\u00f6sningar, integrationer, intran\u00e4t och mycket mer.<\/p>\n\n\n\n<hr class=\"wp-block-separator has-text-color has-primary-color has-css-opacity has-primary-background-color has-background is-style-default\" \/>\n\n\n\n<h2 class=\"gb-headline gb-headline-119e4d32 gb-headline-icon-inline\"><span class=\"gb-icon\"><svg xmlns=\"http:\/\/www.w3.org\/2000\/svg\" viewBox=\"0 0 60 64\"><path class=\"cls-1\" d=\"M38,64H36V56h2V40a4,4,0,0,1,4-4h8.44L58,23.72V16h2v8.28L51.56,38H42a2,2,0,0,0-2,2V58H38Z\"><\/path><path class=\"cls-1\" d=\"M24,64H22V58H20V40a2,2,0,0,0-2-2H8.44L0,24.28V16H2v7.72L9.56,36H18a4,4,0,0,1,4,4V56h2Z\"><\/path><path class=\"cls-1\" d=\"M30,15a3,3,0,1,1,3-3A3,3,0,0,1,30,15Zm0-4a1,1,0,1,0,1,1A1,1,0,0,0,30,11Z\"><\/path><path class=\"cls-1\" d=\"M36,24H34c0-2,1.35-3.54,2.66-4.91C38.3,17.37,40,15.59,40,12a10,10,0,0,0-20,0c0,3.59,1.7,5.37,3.34,7.09C24.65,20.46,26,22,26,24H24c0-1-.93-2.29-2.1-3.53C20.16,18.65,18,16.39,18,12a12,12,0,0,1,24,0c0,4.39-2.16,6.65-3.9,8.47C36.93,21.71,36,23,36,24Z\"><\/path><path class=\"cls-1\" d=\"M4,20a4,4,0,1,1,4-4A4,4,0,0,1,4,20Zm0-6a2,2,0,1,0,2,2A2,2,0,0,0,4,14Z\"><\/path><path class=\"cls-1\" d=\"M56,20a4,4,0,1,1,4-4A4,4,0,0,1,56,20Zm0-6a2,2,0,1,0,2,2A2,2,0,0,0,56,14Z\"><\/path><\/svg><\/span><span class=\"gb-headline-text\">F\u00e5 ut maximalt av Copilot och AI<\/span><\/h2>\n\n\n\n<p>Genom att fr\u00e4mja anv\u00e4ndningen av taggar f\u00f6r dokumentinneh\u00e5ll kan Copilot och andra intelligenta AI-funktioner i Microsoft 365 identifiera samband mellan dokument, personer och \u00f6vrigt inneh\u00e5ll. Genom att organisera inneh\u00e5llet i arbetsytor med l\u00e4mpliga beh\u00f6righeter f\u00f6rb\u00e4ttras inte bara s\u00e4kerheten utan Copilot kan ocks\u00e5 leverera mer precisa svar p\u00e5 anv\u00e4ndarnas fr\u00e5gor.<\/p>\n\n\n\n<hr class=\"wp-block-separator has-text-color has-primary-color has-css-opacity has-primary-background-color has-background is-style-default\" \/>\n\n\n\n<h2 class=\"gb-headline gb-headline-a7240c31 gb-headline-icon-inline\"><span class=\"gb-icon\"><svg xmlns=\"http:\/\/www.w3.org\/2000\/svg\" viewBox=\"0 0 22.49 22.49\"><path d=\"M17.992 14.817h-2.823v-.706h2.823c2.14 0 3.88-1.74 3.88-3.88 0-2.012-1.365-3.528-3.175-3.528h-.353V6.35c0-1.364-.741-2.822-2.822-2.822h-.56l-.101-.182c-.916-1.653-2.647-2.64-4.63-2.64a5.298 5.298 0 0 0-5.292 5.291v.353h-.353a3.885 3.885 0 0 0-3.88 3.88c0 2.14 1.74 3.881 3.88 3.881h2.822v.706H4.586A4.591 4.591 0 0 1 0 10.23a4.592 4.592 0 0 1 4.243-4.574A6.004 6.004 0 0 1 10.23 0c2.17 0 4.077 1.05 5.142 2.822h.15c2.027 0 3.376 1.24 3.515 3.19 2.04.176 3.54 1.93 3.54 4.219a4.591 4.591 0 0 1-4.586 4.586\"><\/path><path d=\"M11.289 4.233a4.944 4.944 0 0 0-4.939 4.94 4.944 4.944 0 0 0 4.939 4.938 4.944 4.944 0 0 0 4.939-4.939 4.944 4.944 0 0 0-4.94-4.939zm0 10.584a5.651 5.651 0 0 1-5.645-5.645 5.651 5.651 0 0 1 5.645-5.644 5.651 5.651 0 0 1 5.644 5.644 5.651 5.651 0 0 1-5.644 5.645\"><\/path><path d=\"M11.289 5.997a3.178 3.178 0 0 0-3.175 3.175 3.178 3.178 0 0 0 3.175 3.175 3.178 3.178 0 0 0 3.175-3.175 3.178 3.178 0 0 0-3.175-3.175zm0 7.056a3.885 3.885 0 0 1-3.88-3.88c0-2.14 1.74-3.881 3.88-3.881 2.14 0 3.88 1.74 3.88 3.88 0 2.14-1.74 3.88-3.88 3.88\"><\/path><path d=\"M9.878 9.172h-.706c0-1.167.95-2.116 2.117-2.116v.705c-.778 0-1.411.633-1.411 1.411M11.289 22.578a1.766 1.766 0 0 1-1.764-1.764V14.11h.706v6.703a1.06 1.06 0 0 0 1.058 1.058 1.06 1.06 0 0 0 1.058-1.058V14.11h.706v6.703c0 .972-.792 1.764-1.764 1.764\"><\/path><path d=\"M11.642 17.639h-.706v-.706h.706v.706M11.642 19.05h-.706v-.706h.706v.706M11.642 20.461h-.706v-.705h.706v.705\"><\/path><\/svg><\/span><span class=\"gb-headline-text\">Fler m\u00f6jligheter med Microsoft&nbsp;Search<\/span><\/h2>\n\n\n\n<p>Eftersom b\u00e5de inneh\u00e5ll och metadata lagras i Microsoft 365, indexeras materialet f\u00f6r anv\u00e4ndning med Microsofts avancerade s\u00f6kmotor. Genom att strukturera inneh\u00e5llet p\u00e5 ett systematiskt s\u00e4tt kan ni f\u00f6rb\u00e4ttra anv\u00e4ndarupplevelsen genom att leverera mer relevanta s\u00f6kresultat och f\u00f6rfinade s\u00f6kalternativ. Anv\u00e4ndarna kan dra nytta av MetaShares struktur oavsett vilken app i Microsoft 365 de anv\u00e4nder f\u00f6r sina s\u00f6kningar.<\/p>\n\n<\/div>\n<\/div>\n\n<div class=\"gb-container gb-container-cd841de5 gb-container-contained-small\">\n<div class=\"gb-container gb-container-61486c1c gb-container-contained-small-inner\">\n\n<h3 class=\"wp-block-heading\">L\u00e4s mer<\/h3>\n\n\n\n<p><a href=\"https:\/\/staging.metashare.com\/sv\/sa-funkar-det\/\" data-type=\"page\" data-id=\"6013\">S\u00e5 funkar det<\/a><\/p>\n\n\n\n<p><a href=\"https:\/\/staging.metashare.com\/sv\/fordelar\/\" data-type=\"page\" data-id=\"5600\">F\u00f6rdelar<\/a><\/p>\n\n\n\n<p><a href=\"https:\/\/staging.metashare.com\/sv\/losningar\/\" data-type=\"page\" data-id=\"12173\">L\u00f6sningar<\/a><\/p>\n\n\n\n<p><a href=\"https:\/\/staging.metashare.com\/sv\/hosting-alternativ\/\" data-type=\"page\" data-id=\"11954\">Hosting-alternativ<\/a><\/p>\n\n\n\n<p><a href=\"https:\/\/staging.metashare.com\/sv\/kom-igang\/\" data-type=\"page\" data-id=\"5887\">Kom ig\u00e5ng<\/a><\/p>\n\n\n\n<p><a href=\"https:\/\/staging.metashare.com\/sv\/faq\/\" data-type=\"page\" data-id=\"98517\">Vanliga fr\u00e5gor<\/a><\/p>\n\n<\/div>\n<\/div>","protected":false},"excerpt":{"rendered":"<p>MetaShare g\u00f6r dokumenthantering enklare och mer strukturerat i Microsoft 365. Uppt\u00e4ck hur vi kan f\u00f6rb\u00e4ttra ditt arbetsfl\u00f6de \u2013 l\u00e4s mer!<\/p>\n","protected":false},"author":7,"featured_media":11788,"parent":0,"menu_order":0,"comment_status":"closed","ping_status":"closed","template":"","meta":{"_acf_changed":false,"footnotes":""},"element-controls":[79],"class_list":{"0":"post-6017","1":"page","2":"type-page","3":"status-publish","4":"has-post-thumbnail","6":"element-controls-hero","7":"no-featured-image-padding"},"acf":[],"_links":{"self":[{"href":"https:\/\/staging.metashare.com\/sv\/wp-json\/wp\/v2\/pages\/6017","targetHints":{"allow":["GET"]}}],"collection":[{"href":"https:\/\/staging.metashare.com\/sv\/wp-json\/wp\/v2\/pages"}],"about":[{"href":"https:\/\/staging.metashare.com\/sv\/wp-json\/wp\/v2\/types\/page"}],"author":[{"embeddable":true,"href":"https:\/\/staging.metashare.com\/sv\/wp-json\/wp\/v2\/users\/7"}],"replies":[{"embeddable":true,"href":"https:\/\/staging.metashare.com\/sv\/wp-json\/wp\/v2\/comments?post=6017"}],"version-history":[{"count":31,"href":"https:\/\/staging.metashare.com\/sv\/wp-json\/wp\/v2\/pages\/6017\/revisions"}],"predecessor-version":[{"id":99250,"href":"https:\/\/staging.metashare.com\/sv\/wp-json\/wp\/v2\/pages\/6017\/revisions\/99250"}],"wp:featuredmedia":[{"embeddable":true,"href":"https:\/\/staging.metashare.com\/sv\/wp-json\/wp\/v2\/media\/11788"}],"wp:attachment":[{"href":"https:\/\/staging.metashare.com\/sv\/wp-json\/wp\/v2\/media?parent=6017"}],"wp:term":[{"taxonomy":"element-controls","embeddable":true,"href":"https:\/\/staging.metashare.com\/sv\/wp-json\/wp\/v2\/element-controls?post=6017"}],"curies":[{"name":"wp","href":"https:\/\/api.w.org\/{rel}","templated":true}]}}